{"id":712,"date":"2020-06-25T11:44:04","date_gmt":"2020-06-25T09:44:04","guid":{"rendered":"https:\/\/www.chalet-hotel-lesblancs.fr\/conditions-generales-de-vente\/"},"modified":"2020-06-25T11:44:05","modified_gmt":"2020-06-25T09:44:05","slug":"conditions-generales-de-vente","status":"publish","type":"page","link":"https:\/\/www.chalet-hotel-lesblancs.fr\/en\/conditions-generales-de-vente\/","title":{"rendered":"Conditions G\u00e9n\u00e9rales de Vente"},"content":{"rendered":"<div class=\"fusion-fullwidth fullwidth-box fusion-builder-row-1 nonhundred-percent-fullwidth non-hundred-percent-height-scrolling\"  style='background-color: rgba(255,255,255,0);background-position: center center;background-repeat: no-repeat;padding-top:0px;padding-right:0px;padding-bottom:0px;padding-left:0px;'><div class=\"fusion-builder-row fusion-row \"><div  class=\"fusion-layout-column fusion_builder_column fusion_builder_column_1_1 fusion-builder-column-0 fusion-one-full fusion-column-first fusion-column-last 1_1\"  style='margin-top:0px;margin-bottom:0px;'><div class=\"fusion-column-wrapper\" style=\"padding: 0px 0px 0px 0px;background-position:left top;background-repeat:no-repeat;-webkit-background-size:cover;-moz-background-size:cover;-o-background-size:cover;background-size:cover;\"   data-bg-url=\"\"><div class=\"fusion-text\"><h1 style=\"text-align: center;\">CONDITIONS G\u00c9N\u00c9RALES DE VENTE<\/h1>\n<p>Les pr\u00e9sentes conditions g\u00e9n\u00e9rales de ventes s\u2019appliquent \u00e0 toutes les ventes conclues par l\u2019h\u00f4tel Les Blancs via son site ou par t\u00e9l\u00e9phone. Elles sont valables pour l\u2019ensemble des prestations et services propos\u00e9s sur le site.<\/p>\n<ol>\n<li>Tout r\u00e9servation en ligne implique que le client a pris connaissance et accepte les conditions g\u00e9n\u00e9rales de vente de l\u2019H\u00f4tel Les Blancs ci-apr\u00e8s<\/li>\n<\/ol>\n<p>R\u00c9SERVATION Clients Individuels<\/p>\n<p>Tarif Standard : offre flexible, le client devra verser un acompte de 30 % sur le montant global de sa r\u00e9servation \u00e0 titre d\u2019arrhes. Le paiement se fait par carte bancaire. Le client pourra annuler son s\u00e9jour sans frais jusqu\u2019\u00e0 30 jours avant son arriv\u00e9e. Si le client annule entre 30 jours et 15 jours avant sont arriv\u00e9e, les arrhes seront conserv\u00e9es. Toute annulation advenue entre 15 jours et le jour de l\u2019arriv\u00e9e entra\u00eenera une facturation de l\u2019int\u00e9gralit\u00e9 du s\u00e9jour initialement pr\u00e9vu.<\/p>\n<p>Tout d\u00e9part anticip\u00e9 sera factur\u00e9 du montant total du s\u00e9jour r\u00e9serv\u00e9.<\/p>\n<p>Taxes et frais : Toutes taxes comprises. Une taxe de s\u00e9jour (0.94 cts\/jour\/pers) peut s\u2019appliquer suivant l&#8217;\u00e2ge des participants (&gt; 18 ans).<\/p>\n<p>R\u00e9servation Groupes<\/p>\n<p>Au moment de la r\u00e9servation, le client effectuant une r\u00e9servation de groupe devra effectuer un versement \u00e9quivalent \u00e0 50 % du montant de la r\u00e9servation \u00e0 titre d\u2019arrhes<\/p>\n<p>Le client pourra revoir sa rooming-list \u00e0 la hausse selon les disponibilit\u00e9s de l\u2019h\u00f4tel jusqu\u2019\u00e0 8 jours avant l\u2019arriv\u00e9e, date \u00e0 laquelle la facture d\u00e9finitive sera \u00e9tablie la facture d\u00e9finitive.<\/p>\n<p>Taxes et frais : Toutes taxes comprises. Une taxe de s\u00e9jour (0.94 cts\/jour\/pers) peut s\u2019appliquer suivant l&#8217;\u00e2ge des participants (&gt; 18 ans).<\/p>\n<p>Paiement : Les paiements se font par carte bancaire, ch\u00e8que, ch\u00e8ques vacances, virement ou esp\u00e8ces.<\/p>\n<p>Arriv\u00e9es et d\u00e9parts<\/p>\n<p>Arriv\u00e9e : L\u2019acc\u00e8s aux chambres est garanti \u00e0 partir de 16h00.<\/p>\n<p>Le client pourra cependant inclure dans sa r\u00e9servation une option Early Check-in lui permettant de prendre possession de sa chambre d\u00e8s 11h00.<\/p>\n<p>Toute demande d\u2019installation avant 16h00 sera consid\u00e9r\u00e9e comme une demande de prestation Early Check-in et sera factur\u00e9e.<\/p>\n<p>D\u00e9part : le client devra lib\u00e9rer la chambre avant 11h00.<\/p>\n<p>Le client pourra cependant inclure dans sa r\u00e9servation une option Late Check-out lui permettant de conserver la chambre jusqu\u2019\u00e0 16h00<\/p>\n<p>Arriv\u00e9es tardives : Le client devra prendre contact avec la r\u00e9ception de l\u2019h\u00f4tel afin de prendre connaissance des modalit\u00e9s d\u2019arriv\u00e9e tardive.<\/p>\n<p>Animaux de compagnie<\/p>\n<p>Les animaux sont admis \u00e0 raison d\u2019un animal par chambre avec un suppl\u00e9ment de 15\u20ac pour l\u2019ensemble du s\u00e9jour. Ils ne sont pas admis dans les parties communes de l\u2019h\u00f4tel (R\u00e9ception, bar, restaurant, piscine et spa)<\/p>\n<p>Les animaux sont tol\u00e9r\u00e9s sur les terrasses du bar ou du restaurant.<\/p>\n<p>Responsabilit\u00e9<\/p>\n<p>L\u2019h\u00f4tel Les Blancs d\u00e9cline toute responsabilit\u00e9 en cas de perte, de casse ou de vol des effets personnels des clients lors de leur s\u00e9jour dans l\u2019\u00e9tablissement.<\/p>\n<\/div><div class=\"fusion-clearfix\"><\/div><\/div><\/div><\/div><\/div>\n","protected":false},"excerpt":{"rendered":"","protected":false},"author":9,"featured_media":0,"parent":0,"menu_order":0,"comment_status":"closed","ping_status":"closed","template":"","meta":{"_acf_changed":false,"inline_featured_image":false,"_monsterinsights_skip_tracking":false,"_monsterinsights_sitenote_active":false,"_monsterinsights_sitenote_note":"","_monsterinsights_sitenote_category":0,"footnotes":""},"acf":[],"yoast_head":"<!-- This site is optimized with the Yoast SEO plugin v23.3 - https:\/\/yoast.com\/wordpress\/plugins\/seo\/ -->\n<title>Conditions G\u00e9n\u00e9rales de Vente - Hotel les Blancs<\/title>\n<meta name=\"robots\" content=\"index, follow, max-snippet:-1, max-image-preview:large, max-video-preview:-1\" \/>\n<link rel=\"canonical\" href=\"https:\/\/www.chalet-hotel-lesblancs.fr\/en\/conditions-generales-de-vente\/\" \/>\n<meta property=\"og:locale\" content=\"en_US\" \/>\n<meta property=\"og:type\" content=\"article\" \/>\n<meta property=\"og:title\" content=\"Conditions G\u00e9n\u00e9rales de Vente - Hotel les Blancs\" \/>\n<meta property=\"og:url\" content=\"https:\/\/www.chalet-hotel-lesblancs.fr\/en\/conditions-generales-de-vente\/\" \/>\n<meta property=\"og:site_name\" content=\"Hotel les Blancs\" \/>\n<meta property=\"article:modified_time\" content=\"2020-06-25T09:44:05+00:00\" \/>\n<meta name=\"twitter:card\" content=\"summary_large_image\" \/>\n<meta name=\"twitter:label1\" content=\"Est. reading time\" \/>\n\t<meta name=\"twitter:data1\" content=\"4 minutes\" \/>\n<script type=\"application\/ld+json\" class=\"yoast-schema-graph\">{\"@context\":\"https:\/\/schema.org\",\"@graph\":[{\"@type\":\"WebPage\",\"@id\":\"https:\/\/www.chalet-hotel-lesblancs.fr\/en\/conditions-generales-de-vente\/\",\"url\":\"https:\/\/www.chalet-hotel-lesblancs.fr\/en\/conditions-generales-de-vente\/\",\"name\":\"Conditions G\u00e9n\u00e9rales de Vente - Hotel les Blancs\",\"isPartOf\":{\"@id\":\"https:\/\/www.chalet-hotel-lesblancs.fr\/en\/#website\"},\"datePublished\":\"2020-06-25T09:44:04+00:00\",\"dateModified\":\"2020-06-25T09:44:05+00:00\",\"breadcrumb\":{\"@id\":\"https:\/\/www.chalet-hotel-lesblancs.fr\/en\/conditions-generales-de-vente\/#breadcrumb\"},\"inLanguage\":\"en-US\",\"potentialAction\":[{\"@type\":\"ReadAction\",\"target\":[\"https:\/\/www.chalet-hotel-lesblancs.fr\/en\/conditions-generales-de-vente\/\"]}]},{\"@type\":\"BreadcrumbList\",\"@id\":\"https:\/\/www.chalet-hotel-lesblancs.fr\/en\/conditions-generales-de-vente\/#breadcrumb\",\"itemListElement\":[{\"@type\":\"ListItem\",\"position\":1,\"name\":\"Accueil\",\"item\":\"https:\/\/www.chalet-hotel-lesblancs.fr\/en\/\"},{\"@type\":\"ListItem\",\"position\":2,\"name\":\"Conditions G\u00e9n\u00e9rales de Vente\"}]},{\"@type\":\"WebSite\",\"@id\":\"https:\/\/www.chalet-hotel-lesblancs.fr\/en\/#website\",\"url\":\"https:\/\/www.chalet-hotel-lesblancs.fr\/en\/\",\"name\":\"Hotel les Blancs\",\"description\":\"H\u00f4tel Bar Restaurant\",\"potentialAction\":[{\"@type\":\"SearchAction\",\"target\":{\"@type\":\"EntryPoint\",\"urlTemplate\":\"https:\/\/www.chalet-hotel-lesblancs.fr\/en\/?s={search_term_string}\"},\"query-input\":\"required name=search_term_string\"}],\"inLanguage\":\"en-US\"}]}<\/script>\n<!-- \/ Yoast SEO plugin. -->","yoast_head_json":{"title":"Conditions G\u00e9n\u00e9rales de Vente - Hotel les Blancs","robots":{"index":"index","follow":"follow","max-snippet":"max-snippet:-1","max-image-preview":"max-image-preview:large","max-video-preview":"max-video-preview:-1"},"canonical":"https:\/\/www.chalet-hotel-lesblancs.fr\/en\/conditions-generales-de-vente\/","og_locale":"en_US","og_type":"article","og_title":"Conditions G\u00e9n\u00e9rales de Vente - Hotel les Blancs","og_url":"https:\/\/www.chalet-hotel-lesblancs.fr\/en\/conditions-generales-de-vente\/","og_site_name":"Hotel les Blancs","article_modified_time":"2020-06-25T09:44:05+00:00","twitter_card":"summary_large_image","twitter_misc":{"Est. reading time":"4 minutes"},"schema":{"@context":"https:\/\/schema.org","@graph":[{"@type":"WebPage","@id":"https:\/\/www.chalet-hotel-lesblancs.fr\/en\/conditions-generales-de-vente\/","url":"https:\/\/www.chalet-hotel-lesblancs.fr\/en\/conditions-generales-de-vente\/","name":"Conditions G\u00e9n\u00e9rales de Vente - Hotel les Blancs","isPartOf":{"@id":"https:\/\/www.chalet-hotel-lesblancs.fr\/en\/#website"},"datePublished":"2020-06-25T09:44:04+00:00","dateModified":"2020-06-25T09:44:05+00:00","breadcrumb":{"@id":"https:\/\/www.chalet-hotel-lesblancs.fr\/en\/conditions-generales-de-vente\/#breadcrumb"},"inLanguage":"en-US","potentialAction":[{"@type":"ReadAction","target":["https:\/\/www.chalet-hotel-lesblancs.fr\/en\/conditions-generales-de-vente\/"]}]},{"@type":"BreadcrumbList","@id":"https:\/\/www.chalet-hotel-lesblancs.fr\/en\/conditions-generales-de-vente\/#breadcrumb","itemListElement":[{"@type":"ListItem","position":1,"name":"Accueil","item":"https:\/\/www.chalet-hotel-lesblancs.fr\/en\/"},{"@type":"ListItem","position":2,"name":"Conditions G\u00e9n\u00e9rales de Vente"}]},{"@type":"WebSite","@id":"https:\/\/www.chalet-hotel-lesblancs.fr\/en\/#website","url":"https:\/\/www.chalet-hotel-lesblancs.fr\/en\/","name":"Hotel les Blancs","description":"H\u00f4tel Bar Restaurant","potentialAction":[{"@type":"SearchAction","target":{"@type":"EntryPoint","urlTemplate":"https:\/\/www.chalet-hotel-lesblancs.fr\/en\/?s={search_term_string}"},"query-input":"required name=search_term_string"}],"inLanguage":"en-US"}]}},"_links":{"self":[{"href":"https:\/\/www.chalet-hotel-lesblancs.fr\/en\/wp-json\/wp\/v2\/pages\/712"}],"collection":[{"href":"https:\/\/www.chalet-hotel-lesblancs.fr\/en\/wp-json\/wp\/v2\/pages"}],"about":[{"href":"https:\/\/www.chalet-hotel-lesblancs.fr\/en\/wp-json\/wp\/v2\/types\/page"}],"author":[{"embeddable":true,"href":"https:\/\/www.chalet-hotel-lesblancs.fr\/en\/wp-json\/wp\/v2\/users\/9"}],"replies":[{"embeddable":true,"href":"https:\/\/www.chalet-hotel-lesblancs.fr\/en\/wp-json\/wp\/v2\/comments?post=712"}],"version-history":[{"count":0,"href":"https:\/\/www.chalet-hotel-lesblancs.fr\/en\/wp-json\/wp\/v2\/pages\/712\/revisions"}],"wp:attachment":[{"href":"https:\/\/www.chalet-hotel-lesblancs.fr\/en\/wp-json\/wp\/v2\/media?parent=712"}],"curies":[{"name":"wp","href":"https:\/\/api.w.org\/{rel}","templated":true}]}}